{"id":5644,"date":"2016-04-20T17:49:46","date_gmt":"2016-04-20T17:49:46","guid":{"rendered":"https:\/\/coaching.thimpress.com\/coachingwp-2\/?page_id=5644"},"modified":"2025-12-10T17:51:55","modified_gmt":"2025-12-10T16:51:55","slug":"impressum","status":"publish","type":"page","link":"https:\/\/empower-x.com\/en\/impressum\/","title":{"rendered":"Imprint"},"content":{"rendered":"<div data-elementor-type=\"wp-post\" data-elementor-id=\"5644\" class=\"elementor elementor-5644\" data-elementor-post-type=\"page\">\n\t\t\t\t\t\t<section class=\"elementor-section elementor-top-section elementor-element elementor-element-1757dcb1 thim_1_col_tablet elementor-section-boxed elementor-section-height-default elementor-section-height-default\" data-id=\"1757dcb1\" data-element_type=\"section\" data-e-type=\"section\">\n\t\t\t\t\t\t<div class=\"elementor-container elementor-column-gap-extended\">\n\t\t\t\t\t<div class=\"elementor-column elementor-col-100 elementor-top-column elementor-element elementor-element-71285b3f\" data-id=\"71285b3f\" data-element_type=\"column\" data-e-type=\"column\">\n\t\t\t<div class=\"elementor-widget-wrap elementor-element-populated\">\n\t\t\t\t\t\t<div class=\"elementor-element elementor-element-92fd156 elementor-widget elementor-widget-heading\" data-id=\"92fd156\" data-element_type=\"widget\" data-e-type=\"widget\" data-widget_type=\"heading.default\">\n\t\t\t\t\t<h2 class=\"elementor-heading-title elementor-size-default\">Imprint<\/h2>\t\t\t\t<\/div>\n\t\t\t\t<div class=\"elementor-element elementor-element-d560746 elementor-widget elementor-widget-text-editor\" data-id=\"d560746\" data-element_type=\"widget\" data-e-type=\"widget\" data-widget_type=\"text-editor.default\">\n\t\t\t\t\t\t\t\t\t<p class=\"p1\"><b>empower-X<\/b><b><\/b><\/p>\n<p class=\"p2\">Langenwiesen 2<br \/>85276 Pfaffenhofen an der Ilm<br \/>Deutschland<\/p>\n<p class=\"p1\"><b>Inhaber:<\/b>Dr. Florian Knabl<\/p>\n<p class=\"p1\"><b>Kontakt: <\/b>Telefon: 08453 \/ 9191191<\/p>\n<p class=\"p2\">E-Mail: mail@empower-x.com<br \/>Webseite: https:\/\/www.empower-x.com<\/p>\n<h2><b>Haftungsausschluss (Disclaimer)<\/b><\/h2>\n<h3><b>Haftung f\u00fcr Inhalte<\/b><\/h3>\n<p class=\"p2\">Die Inhalte dieser Website wurden mit gr\u00f6\u00dfter Sorgfalt erstellt. F\u00fcr die Richtigkeit, Vollst\u00e4ndigkeit und Aktualit\u00e4t der Inhalte kann jedoch keine Gew\u00e4hr \u00fcbernommen werden. Als Diensteanbieter bin ich gem\u00e4\u00df \u00a7 7 Abs. 1 TMG f\u00fcr eigene Inhalte auf diesen Seiten nach den allgemeinen Gesetzen verantwortlich. Nach \u00a7\u00a7 8 bis 10 TMG bin ich jedoch nicht verpflichtet, \u00fcbermittelte oder gespeicherte fremde Informationen zu \u00fcberwachen oder nach Umst\u00e4nden zu forschen, die auf eine rechtswidrige T\u00e4tigkeit hinweisen.<\/p>\n<p class=\"p2\">Verpflichtungen zur Entfernung oder Sperrung der Nutzung von Informationen nach den allgemeinen Gesetzen bleiben hiervon unber\u00fchrt. Eine diesbez\u00fcgliche Haftung ist jedoch erst ab dem Zeitpunkt der Kenntnis einer konkreten Rechtsverletzung m\u00f6glich. Bei Bekanntwerden entsprechender Rechtsverletzungen werde ich diese Inhalte umgehend entfernen.<\/p>\n<h3><b>Haftung f\u00fcr Links<\/b><\/h3>\n<p class=\"p2\">Diese Website enth\u00e4lt Links zu externen Websites Dritter, auf deren Inhalte ich keinen Einfluss habe. Deshalb kann ich f\u00fcr diese fremden Inhalte auch keine Gew\u00e4hr \u00fcbernehmen. F\u00fcr die Inhalte der verlinkten Seiten ist stets der jeweilige Anbieter oder Betreiber der Seiten verantwortlich. Rechtswidrige Inhalte waren zum Zeitpunkt der Verlinkung nicht erkennbar. Eine permanente inhaltliche Kontrolle der verlinkten Seiten ist jedoch ohne konkrete Anhaltspunkte einer Rechtsverletzung nicht zumutbar. Bei Bekanntwerden von Rechtsverletzungen werde ich derartige Links umgehend entfernen.<\/p>\n<h3><b>Urheberrecht<\/b><\/h3>\n<p class=\"p2\">Die durch den Seitenbetreiber erstellten Inhalte und Werke auf diesen Seiten unterliegen dem deutschen Urheberrecht. Beitr\u00e4ge Dritter sind als solche gekennzeichnet. Die Vervielf\u00e4ltigung, Bearbeitung, Verbreitung und jede Art der Verwertung au\u00dferhalb der Grenzen des Urheberrechts bed\u00fcrfen der schriftlichen Zustimmung des jeweiligen Autors bzw. Erstellers. Downloads und Kopien dieser Seite sind nur f\u00fcr den privaten, nicht kommerziellen Gebrauch gestattet.<\/p>\n<p class=\"p4\">\u00a0<\/p>\n<h3><b>Online-Streitbeilegung gem\u00e4\u00df Art. 14 Abs. 1 ODR-VO<\/b><\/h3>\n<p class=\"p2\">Die Europ\u00e4ische Kommission stellt eine Plattform zur Online-Streitbeilegung (OS) bereit:<\/p>\n<p class=\"p2\">https:\/\/ec.europa.eu\/consumers\/odr<\/p>\n<p class=\"p2\">Meine E-Mail-Adresse findest du oben im Impressum.<\/p>\t\t\t\t\t\t\t\t<\/div>\n\t\t\t\t\t<\/div>\n\t\t<\/div>\n\t\t\t\t\t<\/div>\n\t\t<\/section>\n\t\t\t\t<\/div>","protected":false},"excerpt":{"rendered":"<p>Impressum empower-X Langenwiesen 285276 Pfaffenhofen an der IlmDeutschland Inhaber:Dr. Florian Knabl Kontakt: Telefon: 08453 \/ 9191191 E-Mail: mail@empower-x.comWebseite: https:\/\/www.empower-x.com Haftungsausschluss (Disclaimer) Haftung f\u00fcr Inhalte Die Inhalte dieser Website wurden mit gr\u00f6\u00dfter Sorgfalt erstellt. F\u00fcr die Richtigkeit, Vollst\u00e4ndigkeit und Aktualit\u00e4t der [&hellip;]<\/p>\n","protected":false},"author":1,"featured_media":0,"parent":0,"menu_order":0,"comment_status":"closed","ping_status":"closed","template":"","meta":{"_eb_attr":"","footnotes":""},"class_list":["post-5644","page","type-page","status-publish","hentry"],"_links":{"self":[{"href":"https:\/\/empower-x.com\/en\/wp-json\/wp\/v2\/pages\/5644","targetHints":{"allow":["GET"]}}],"collection":[{"href":"https:\/\/empower-x.com\/en\/wp-json\/wp\/v2\/pages"}],"about":[{"href":"https:\/\/empower-x.com\/en\/wp-json\/wp\/v2\/types\/page"}],"author":[{"embeddable":true,"href":"https:\/\/empower-x.com\/en\/wp-json\/wp\/v2\/users\/1"}],"replies":[{"embeddable":true,"href":"https:\/\/empower-x.com\/en\/wp-json\/wp\/v2\/comments?post=5644"}],"version-history":[{"count":7,"href":"https:\/\/empower-x.com\/en\/wp-json\/wp\/v2\/pages\/5644\/revisions"}],"predecessor-version":[{"id":7646,"href":"https:\/\/empower-x.com\/en\/wp-json\/wp\/v2\/pages\/5644\/revisions\/7646"}],"wp:attachment":[{"href":"https:\/\/empower-x.com\/en\/wp-json\/wp\/v2\/media?parent=5644"}],"curies":[{"name":"wp","href":"https:\/\/api.w.org\/{rel}","templated":true}]}}